{"id":749,"date":"2020-11-21T13:23:42","date_gmt":"2020-11-21T12:23:42","guid":{"rendered":"http:\/\/lapotionbleue.com\/?page_id=749"},"modified":"2020-11-21T13:26:24","modified_gmt":"2020-11-21T12:26:24","slug":"bientot-ici-le-site-de-la-potion-bleue","status":"publish","type":"page","link":"https:\/\/www.lapotionbleue.com\/","title":{"rendered":"Bient\u00f4t, bient\u00f4t"},"content":{"rendered":"\n<h2>Bient\u00f4t ici le site de la potion bleue<\/h2>\n\n\n\n<p>Merci de votre int\u00e9r\u00eat. Pour l&rsquo;instant le site n&rsquo;est pas encore accessible mais nous esp\u00e9rons bient\u00f4t vous y retrouver!<\/p>\n","protected":false},"excerpt":{"rendered":"<p>Bient\u00f4t ici le site de la potion bleue Merci de votre int\u00e9r\u00eat. Pour l&rsquo;instant le site n&rsquo;est pas encore accessible mais nous esp\u00e9rons bient\u00f4t vous y retrouver!<\/p>\n","protected":false},"author":1,"featured_media":0,"parent":0,"menu_order":0,"comment_status":"closed","ping_status":"closed","template":"","meta":[],"_links":{"self":[{"href":"https:\/\/www.lapotionbleue.com\/index.php\/wp-json\/wp\/v2\/pages\/749"}],"collection":[{"href":"https:\/\/www.lapotionbleue.com\/index.php\/wp-json\/wp\/v2\/pages"}],"about":[{"href":"https:\/\/www.lapotionbleue.com\/index.php\/wp-json\/wp\/v2\/types\/page"}],"author":[{"embeddable":true,"href":"https:\/\/www.lapotionbleue.com\/index.php\/wp-json\/wp\/v2\/users\/1"}],"replies":[{"embeddable":true,"href":"https:\/\/www.lapotionbleue.com\/index.php\/wp-json\/wp\/v2\/comments?post=749"}],"version-history":[{"count":2,"href":"https:\/\/www.lapotionbleue.com\/index.php\/wp-json\/wp\/v2\/pages\/749\/revisions"}],"predecessor-version":[{"id":751,"href":"https:\/\/www.lapotionbleue.com\/index.php\/wp-json\/wp\/v2\/pages\/749\/revisions\/751"}],"wp:attachment":[{"href":"https:\/\/www.lapotionbleue.com\/index.php\/wp-json\/wp\/v2\/media?parent=749"}],"curies":[{"name":"wp","href":"https:\/\/api.w.org\/{rel}","templated":true}]}}