{"id":768,"date":"2021-01-23T13:00:58","date_gmt":"2021-01-23T12:00:58","guid":{"rendered":"https:\/\/www.lapotionbleue.com\/?page_id=768"},"modified":"2021-01-23T13:17:04","modified_gmt":"2021-01-23T12:17:04","slug":"sur-moi","status":"publish","type":"page","link":"https:\/\/www.lapotionbleue.com\/index.php\/sur-moi\/","title":{"rendered":"Quelques Mots sur Moi"},"content":{"rendered":"\t\t<div data-elementor-type=\"wp-page\" data-elementor-id=\"768\" class=\"elementor elementor-768\">\n\t\t\t\t\t\t<div class=\"elementor-inner\">\n\t\t\t\t<div class=\"elementor-section-wrap\">\n\t\t\t\t\t\t\t\t\t<section class=\"elementor-section elementor-top-section elementor-element elementor-element-cc9ff1d elementor-section-boxed elementor-section-height-default elementor-section-height-default\" data-id=\"cc9ff1d\" data-element_type=\"section\">\n\t\t\t\t\t\t<div class=\"elementor-container elementor-column-gap-default\">\n\t\t\t\t\t\t\t<div class=\"elementor-row\">\n\t\t\t\t\t<div class=\"elementor-column elementor-col-66 elementor-top-column elementor-element elementor-element-99a290b\" data-id=\"99a290b\" data-element_type=\"column\">\n\t\t\t<div class=\"elementor-column-wrap elementor-element-populated\">\n\t\t\t\t\t\t\t<div class=\"elementor-widget-wrap\">\n\t\t\t\t\t\t<div class=\"elementor-element elementor-element-87e4216 elementor-widget elementor-widget-heading\" data-id=\"87e4216\" data-element_type=\"widget\" data-widget_type=\"heading.default\">\n\t\t\t\t<div class=\"elementor-widget-container\">\n\t\t\t<h2 class=\"elementor-heading-title elementor-size-default\">RAVIE DE VOUS RENCONTRER<\/h2>\t\t<\/div>\n\t\t\t\t<\/div>\n\t\t\t\t<div class=\"elementor-element elementor-element-a41434e elementor-widget-divider--view-line elementor-widget elementor-widget-divider\" data-id=\"a41434e\" data-element_type=\"widget\" data-widget_type=\"divider.default\">\n\t\t\t\t<div class=\"elementor-widget-container\">\n\t\t\t\t\t<div class=\"elementor-divider\">\n\t\t\t<span class=\"elementor-divider-separator\">\n\t\t\t\t\t\t<\/span>\n\t\t<\/div>\n\t\t\t\t<\/div>\n\t\t\t\t<\/div>\n\t\t\t\t<div class=\"elementor-element elementor-element-314534a elementor-widget elementor-widget-text-editor\" data-id=\"314534a\" data-element_type=\"widget\" data-widget_type=\"text-editor.default\">\n\t\t\t\t<div class=\"elementor-widget-container\">\n\t\t\t\t\t\t\t\t<div class=\"elementor-text-editor elementor-clearfix\">\n\t\t\t\t<p>Bienvenue sur mon site! Je m\u2019appelle Stef et je vis en Bretagne o\u00f9 depuis plusieurs ann\u00e9es, je consacre beaucoup de mon temps \u00e0 la recherche de solutions naturelles et efficaces \u00e0 tous les petits probl\u00e8mes de la vie et pour prendre soin de moi et des miens.<\/p><p>En combinant mes diverses formations, notamment en aromath\u00e9rapie, pour une parfaite maitrise des mol\u00e9cules pr\u00e9sentes dans les ingr\u00e9dients naturels que j\u2019utilise, et mon r\u00e9seau personnel de fournisseurs (mon p\u00e8re pour les ingr\u00e9dients issus de l\u2019apiculture, des amis horticulteurs, etc.) j\u2019essaie de vous apporter le meilleur savoir-faire et une \u00e9coute s\u00e9rieuse afin de r\u00e9pondre au mieux \u00e0 vos, besoins, vos attentes, vos envies.<\/p><p>Aujourd\u2019hui, je vous propose de partager mon expertise pour vous aussi, donner une chance aux solutions naturelles, et vous serez surpris par les r\u00e9sultats.<\/p>\t\t\t\t\t<\/div>\n\t\t\t\t\t\t<\/div>\n\t\t\t\t<\/div>\n\t\t\t\t<div class=\"elementor-element elementor-element-fc8ed66 elementor-widget elementor-widget-heading\" data-id=\"fc8ed66\" data-element_type=\"widget\" data-widget_type=\"heading.default\">\n\t\t\t\t<div class=\"elementor-widget-container\">\n\t\t\t<h2 class=\"elementor-heading-title elementor-size-medium\">Stef<\/h2>\t\t<\/div>\n\t\t\t\t<\/div>\n\t\t\t\t\t\t<\/div>\n\t\t\t\t\t<\/div>\n\t\t<\/div>\n\t\t\t\t<div class=\"elementor-column elementor-col-33 elementor-top-column elementor-element elementor-element-b883f21\" data-id=\"b883f21\" data-element_type=\"column\">\n\t\t\t<div class=\"elementor-column-wrap elementor-element-populated\">\n\t\t\t\t\t\t\t<div class=\"elementor-widget-wrap\">\n\t\t\t\t\t\t<div class=\"elementor-element elementor-element-1068952 elementor-widget elementor-widget-image\" data-id=\"1068952\" data-element_type=\"widget\" data-widget_type=\"image.default\">\n\t\t\t\t<div class=\"elementor-widget-container\">\n\t\t\t\t\t\t\t\t<div class=\"elementor-image\">\n\t\t\t\t\t\t\t\t\t\t\t\t<img decoding=\"async\" width=\"636\" height=\"841\" src=\"https:\/\/www.lapotionbleue.com\/wp-content\/uploads\/2021\/01\/PREP06.jpg\" class=\"attachment-large size-large wp-image-754\" alt=\"\" loading=\"lazy\" srcset=\"https:\/\/www.lapotionbleue.com\/wp-content\/uploads\/2021\/01\/PREP06.jpg 636w, https:\/\/www.lapotionbleue.com\/wp-content\/uploads\/2021\/01\/PREP06-227x300.jpg 227w\" sizes=\"(max-width: 636px) 100vw, 636px\" \/>\t\t\t\t\t\t\t\t\t\t\t\t\t\t<\/div>\n\t\t\t\t\t\t<\/div>\n\t\t\t\t<\/div>\n\t\t\t\t\t\t<\/div>\n\t\t\t\t\t<\/div>\n\t\t<\/div>\n\t\t\t\t\t\t\t\t<\/div>\n\t\t\t\t\t<\/div>\n\t\t<\/section>\n\t\t\t\t\t\t\t\t\t<\/div>\n\t\t\t<\/div>\n\t\t\t\t\t<\/div>\n\t\t","protected":false},"excerpt":{"rendered":"<p>RAVIE DE VOUS RENCONTRER Bienvenue sur mon site! Je m\u2019appelle Stef et je vis en Bretagne o\u00f9 depuis plusieurs ann\u00e9es, je consacre beaucoup de mon temps \u00e0 la recherche de solutions naturelles et efficaces \u00e0 tous les petits probl\u00e8mes de la vie et pour prendre soin de moi et des miens. En combinant mes diverses&#8230;<\/p>\n","protected":false},"author":1,"featured_media":0,"parent":0,"menu_order":0,"comment_status":"closed","ping_status":"closed","template":"","meta":[],"_links":{"self":[{"href":"https:\/\/www.lapotionbleue.com\/index.php\/wp-json\/wp\/v2\/pages\/768"}],"collection":[{"href":"https:\/\/www.lapotionbleue.com\/index.php\/wp-json\/wp\/v2\/pages"}],"about":[{"href":"https:\/\/www.lapotionbleue.com\/index.php\/wp-json\/wp\/v2\/types\/page"}],"author":[{"embeddable":true,"href":"https:\/\/www.lapotionbleue.com\/index.php\/wp-json\/wp\/v2\/users\/1"}],"replies":[{"embeddable":true,"href":"https:\/\/www.lapotionbleue.com\/index.php\/wp-json\/wp\/v2\/comments?post=768"}],"version-history":[{"count":14,"href":"https:\/\/www.lapotionbleue.com\/index.php\/wp-json\/wp\/v2\/pages\/768\/revisions"}],"predecessor-version":[{"id":783,"href":"https:\/\/www.lapotionbleue.com\/index.php\/wp-json\/wp\/v2\/pages\/768\/revisions\/783"}],"wp:attachment":[{"href":"https:\/\/www.lapotionbleue.com\/index.php\/wp-json\/wp\/v2\/media?parent=768"}],"curies":[{"name":"wp","href":"https:\/\/api.w.org\/{rel}","templated":true}]}}